{"id":2820,"date":"2025-09-04T16:23:20","date_gmt":"2025-09-04T14:23:20","guid":{"rendered":"https:\/\/www.camping-verdon-provence.fr\/cure-greoux-les-bains\/"},"modified":"2025-11-24T15:03:29","modified_gmt":"2025-11-24T14:03:29","slug":"kuur-greoux-les-bains","status":"publish","type":"page","link":"https:\/\/www.camping-verdon-provence.fr\/nl\/kuur-greoux-les-bains\/","title":{"rendered":"Kuur in Gr\u00e9oux-les Bains"},"content":{"rendered":"\n<section class=\"wp-block-group home-third bis has-base-2-background-color has-background has-global-padding is-layout-constrained wp-block-group-is-layout-constrained\">\n<div class=\"wp-block-columns is-layout-flex wp-container-core-columns-is-layout-28f84493 wp-block-columns-is-layout-flex\">\n<div class=\"wp-block-column is-vertically-aligned-center right is-layout-flow wp-block-column-is-layout-flow\" style=\"flex-basis:50%\">\n<h1 class=\"wp-block-heading has-text-align-left full-width has-damirone-font-family has-text-color\" style=\"color:rgba(43,87,124,1);margin-top:0px;margin-right:0px;margin-bottom:0px;margin-left:0px;padding-bottom:var(--wp--preset--spacing--20);font-size:clamp(28.836px, 1.802rem + ((1vw - 3.2px) * 1.721), 50px);font-style:normal;font-weight:400;line-height:1.2;text-transform:uppercase\">Kuur in Gr\u00e9oux-les-Bains<\/h1>\n\n\n\n<h2 class=\"wp-block-heading\" style=\"text-transform:uppercase\">Ontdek Cures de Gr\u00e9oux-les-Bains<\/h2>\n\n\n\n<p class=\"has-text-align-left has-text-color has-poppins-font-family\" style=\"color:rgba(73,71,71,1);margin-top:0px;margin-right:0px;margin-bottom:0px;margin-left:0px;font-size:clamp(14px, 0.875rem + ((1vw - 3.2px) * 0.325), 18px);font-style:normal;font-weight:300;line-height:1.7\">Gr\u00e9oux-les-Bains, een <strong>charmant stadje met minder dan 3.000 inwoners<\/strong>, ligt op 15 minuten van<a href=\"https:\/\/www.camping-verdon-provence.fr\/nl\/toerisme-esparron-de-verdon\/\" data-type=\"page\" data-id=\"196\">Esparron-de-Verdon<\/a> en op ongeveer 55 kilometer van Aix-en-Provence.<\/p>\n\n\n\n<p><\/p>\n\n\n\n<p class=\"has-text-align-left has-text-color has-poppins-font-family\" style=\"color:rgba(73,71,71,1);margin-top:0px;margin-right:0px;margin-bottom:0px;margin-left:0px;font-size:clamp(14px, 0.875rem + ((1vw - 3.2px) * 0.325), 18px);font-style:normal;font-weight:300;line-height:1.7\">Gr\u00e9oux-les-Bains is vooral een <a href=\"https:\/\/www.chainethermale.fr\/greoux-les-bains\" target=\"_blank\" rel=\"noreferrer noopener nofollow\">groot kuuroord<\/a> met een zeer goede reputatie. Deze grote reputatie is geworteld in de Romeinse oudheid. Het is erg populair en behandelt reuma en ademhalingsproblemen.<\/p>\n\n\n\n<p>Je kunt genieten van <strong>kuren in de Provence die \u00e9\u00e9n tot 3 weken duren<\/strong>, onder toezicht van artsen en gezondheidsspecialisten. Het water, van nature rijk aan zwavel, wordt opgepompt uit een ondergrondse aquifer in <g id=\"gid_1\">Gr\u00e9oux-les-Bains<\/g>. Alles is gemaakt in Gr\u00e9oux!  <\/p>\n\n\n\n<p class=\"has-text-align-left has-text-color has-poppins-font-family\" style=\"color:rgba(73,71,71,1);margin-top:0px;margin-right:0px;margin-bottom:0px;margin-left:0px;font-size:clamp(14px, 0.875rem + ((1vw - 3.2px) * 0.325), 18px);font-style:normal;font-weight:300;line-height:1.7\">Je kunt ook gewoon een middag gaan om ervan te genieten. <g id=\"gid_0\">Reserveren voor behandelingen is verplicht<\/g> en kost ongeveer \u20ac70, afhankelijk van het aantal geboekte behandelingen. M\u00e9lanie heeft het voor jullie uitgeprobeerd, als toegewijde gast (wat een opoffering&#8230;) en ze vond het<strong> modderbad<\/strong> heerlijk<strong>!<\/strong> Maar er zijn nog veel meer behandelingen om uit te kiezen, zoals de <strong>hammam<\/strong>, <strong>het zwavelbad<\/strong>, <strong>massage <\/strong>onder een fijne mist&#8230;  <\/p>\n<\/div>\n\n\n\n<div class=\"wp-block-column left is-layout-flow wp-block-column-is-layout-flow\" style=\"flex-basis:50%\">\n<div class=\"wp-block-group is-layout-flow wp-block-group-is-layout-flow\">\n<div class=\"wp-block-group is-layout-flow wp-block-group-is-layout-flow\">\n<figure class=\"wp-block-image size-full is-resized gt-gsap-fadeIn\"><img decoding=\"async\" width=\"942\" height=\"900\" src=\"https:\/\/www.camping-verdon-provence.fr\/wp-content\/uploads\/2025\/10\/Relaxation-Greoux-les-Bains.jpg\" alt=\"Ontspanning Gr&#xE9;oux-les-Bains\" class=\"wp-image-1458\" style=\"width:auto;height:900px\" srcset=\"https:\/\/www.camping-verdon-provence.fr\/wp-content\/uploads\/2025\/10\/Relaxation-Greoux-les-Bains.jpg 942w, https:\/\/www.camping-verdon-provence.fr\/wp-content\/uploads\/2025\/10\/Relaxation-Greoux-les-Bains-300x287.jpg 300w, https:\/\/www.camping-verdon-provence.fr\/wp-content\/uploads\/2025\/10\/Relaxation-Greoux-les-Bains-768x734.jpg 768w\" sizes=\"(max-width: 942px) 100vw, 942px\" \/><\/figure>\n\n\n\n<p style=\"font-size:clamp(74.857px, 4.679rem + ((1vw - 3.2px) * 7.573), 168px);\">Thermale baden<\/p>\n<\/div>\n<\/div>\n<\/div>\n<\/div>\n<\/section>\n\n<section class=\"wp-block-group home-fourth page-two has-custom-color-1-background-color has-background has-global-padding is-layout-constrained wp-block-group-is-layout-constrained\">\n<div class=\"wp-block-group has-global-padding is-content-justification-center is-layout-constrained wp-container-core-group-is-layout-519de150 wp-block-group-is-layout-constrained\" style=\"margin-top:0px;margin-right:0px;margin-bottom:0px;margin-left:0px\">\n<h2 class=\"wp-block-heading has-text-align-center full-width has-damirone-font-family has-base-2-color has-text-color\" style=\"margin-top:0px;margin-right:0px;margin-bottom:0px;margin-left:0px;font-size:clamp(24.034px, 1.502rem + ((1vw - 3.2px) * 1.298), 40px);font-style:normal;font-weight:400;line-height:1.2;text-transform:uppercase\">Naturistencamping op een steenworp afstand van de thermen<\/h2>\n<\/div>\n\n\n\n<div class=\"wp-block-group has-global-padding is-content-justification-center is-layout-constrained wp-container-core-group-is-layout-8f5500b1 wp-block-group-is-layout-constrained\" style=\"margin-top:0px;margin-right:0px;margin-bottom:0px;margin-left:0px;padding-bottom:var(--wp--preset--spacing--30)\">\n<p class=\"has-text-align-left full-width has-base-color has-text-color has-link-color has-poppins-font-family wp-elements-166c513c3c0b8a45ed789e257c7dc0a2\" style=\"margin-top:0px;margin-right:0px;margin-bottom:0px;margin-left:0px;font-size:clamp(14px, 0.875rem + ((1vw - 3.2px) * 0.325), 18px);font-style:normal;font-weight:300;line-height:1.7\"><a href=\"https:\/\/www.camping-verdon-provence.fr\/nl\/\" data-type=\"page\" data-id=\"152\">Camping Verdon<\/a> ligt op 15 minuten rijden van de kuren van Gr\u00e9oux, dus u kunt <strong>naaktheid <\/strong>en <strong>gezondheid <\/strong>combineren tijdens uw <a href=\"https:\/\/www.camping-verdon-provence.fr\/nl\/toerisme-provence\/\" data-type=\"page\" data-id=\"204\">verblijf in de Provence<\/a> <strong>!<\/strong><\/p>\n\n\n\n<p><\/p>\n\n\n\n<p class=\"has-text-align-left full-width has-base-color has-text-color has-link-color has-poppins-font-family wp-elements-962dc8f807824eaedd00e9015c346a06\" style=\"margin-top:0px;margin-right:0px;margin-bottom:0px;margin-left:0px;font-size:clamp(14px, 0.875rem + ((1vw - 3.2px) * 0.325), 18px);font-style:normal;font-weight:300;line-height:1.7\">U kunt profiteren van <strong>speciale arrangementen<\/strong> voor uw kuur in de Provence dankzij onze speciale aanbiedingen: 7=5 nachten accommodatie, dus 21=15 nachten betaald, dus 6 gratis (afhankelijk van de periode).<\/p>\n\n\n\n<p><\/p>\n\n\n\n<p class=\"has-text-align-left full-width has-base-color has-text-color has-link-color has-poppins-font-family wp-elements-12ae392cd430552047ee53674a26a80e\" style=\"margin-top:0px;margin-right:0px;margin-bottom:0px;margin-left:0px;font-size:clamp(14px, 0.875rem + ((1vw - 3.2px) * 0.325), 18px);font-style:normal;font-weight:300;line-height:1.7\">Je kunt op naturistencamping Verdon Provence ook terecht voor een staanplaats. We verwelkomen veel klanten in <g id=\"gid_0\">campers<\/g>, <g id=\"gid_1\">bestelwagens<\/g>, <g id=\"gid_2\">tenten <\/g>of <g id=\"gid_3\">caravans<\/g>. De speciale aanbieding hier is een nacht gratis per week, dus 3 nachten gratis!  <\/p>\n\n\n\n<p class=\"has-base-color has-text-color has-link-color wp-elements-93867c424896fbb69ad5c1c6e57e24ae\" style=\"margin-top:0px;margin-right:0px;margin-bottom:0px;margin-left:0px;font-size:clamp(14px, 0.875rem + ((1vw - 3.2px) * 0.325), 18px);font-style:normal;font-weight:300;line-height:1.7\">Ga voor een directe offerte naar onze contactpagina of vraag per e-mail een offerte aan.<\/p>\n\n\n\n<p class=\"has-base-color has-text-color has-link-color wp-elements-203b3fb47388dd8aa3fcf84ecfb71274\" style=\"margin-top:0px;margin-right:0px;margin-bottom:0px;margin-left:0px;font-size:clamp(14px, 0.875rem + ((1vw - 3.2px) * 0.325), 18px);font-style:normal;font-weight:300;line-height:1.7\">Op de camping vind je alles wat je nodig hebt om te genieten van de uitzonderlijke natuurlijke omgeving van de <a href=\"https:\/\/www.camping-verdon-provence.fr\/nl\/toerisme-gorges-du-verdon\/\" data-type=\"page\" data-id=\"208\">Gorges du Verdon<\/a>. Je vindt hier al onze diensten, inclusief <strong>onze eigen wellnessruimte<\/strong> en <strong>restaurant<\/strong>&#8230;<\/p>\n\n\n\n<p><\/p>\n\n\n\n<p class=\"has-base-color has-text-color has-link-color wp-elements-3ae1d0a6c4bd0257f309c2887c0718d1\" style=\"margin-top:0px;margin-right:0px;margin-bottom:0px;margin-left:0px;font-size:clamp(14px, 0.875rem + ((1vw - 3.2px) * 0.325), 18px);font-style:normal;font-weight:300;line-height:1.7\">Dus aarzel niet, verblijf op een naturistencamping in de buurt van de kuren in Gr\u00e9oux-les-Bains!<\/p>\n<\/div>\n\n\n\n<div data-swiper=\"{&quot;speed&quot;:1000,&quot;autoplay&quot;:{&quot;delay&quot;:5000,&quot;disableOnInteraction&quot;:false},&quot;spaceBetween&quot;:0,&quot;slidesPerView&quot;:1,&quot;pagination&quot;:{&quot;el&quot;:&quot;.swiper-pagination&quot;,&quot;dynamicBullets&quot;:true,&quot;clickable&quot;:true,&quot;type&quot;:&quot;bullets&quot;},&quot;navigation&quot;:{&quot;nextEl&quot;:&quot;.swiper-button-next&quot;,&quot;prevEl&quot;:&quot;.swiper-button-prev&quot;},&quot;breakpoints&quot;:[{&quot;slidesPerView&quot;:1}]}\" class=\"wp-block-cover alignfull blob-image gt-gsap-fadeInUp\" style=\"min-height:80vh;aspect-ratio:unset;\"><img decoding=\"async\" width=\"2000\" height=\"1250\" class=\"wp-block-cover__image-background wp-image-1463 size-full\" alt=\"Aquabike les Eaux thermales\" src=\"https:\/\/www.camping-verdon-provence.fr\/wp-content\/uploads\/2025\/10\/Aquabike-les-Eaux-thermales.jpg\" data-object-fit=\"cover\" srcset=\"https:\/\/www.camping-verdon-provence.fr\/wp-content\/uploads\/2025\/10\/Aquabike-les-Eaux-thermales.jpg 2000w, https:\/\/www.camping-verdon-provence.fr\/wp-content\/uploads\/2025\/10\/Aquabike-les-Eaux-thermales-300x188.jpg 300w, https:\/\/www.camping-verdon-provence.fr\/wp-content\/uploads\/2025\/10\/Aquabike-les-Eaux-thermales-1024x640.jpg 1024w, https:\/\/www.camping-verdon-provence.fr\/wp-content\/uploads\/2025\/10\/Aquabike-les-Eaux-thermales-768x480.jpg 768w, https:\/\/www.camping-verdon-provence.fr\/wp-content\/uploads\/2025\/10\/Aquabike-les-Eaux-thermales-1536x960.jpg 1536w\" sizes=\"(max-width: 2000px) 100vw, 2000px\" \/><span aria-hidden=\"true\" class=\"wp-block-cover__background has-background-dim wp-block-cover__gradient-background has-background-gradient\" style=\"background:linear-gradient(0deg,rgb(1,1,1) 0%,rgba(0,0,0,0.34) 72%)\"><\/span><div class=\"wp-block-cover__inner-container is-layout-flow wp-block-cover-is-layout-flow\">\n<p class=\"has-text-align-center h1-like\" style=\"font-size:clamp(67.975px, 4.248rem + ((1vw - 3.2px) * 6.506), 148px);line-height:1\"><span>Spa<\/span> <br\/><span><\/span><\/p>\n<\/div><\/div>\n<\/section>\n\n<section class=\"wp-block-group page-maillage has-global-padding is-layout-constrained wp-block-group-is-layout-constrained\">\n<div class=\"wp-block-group is-vertical is-layout-flex wp-container-core-group-is-layout-fe9cc265 wp-block-group-is-layout-flex\">\n<figure class=\"wp-block-image size-large\" style=\"margin-top:0px;margin-right:0px;margin-bottom:0px;margin-left:0px\"><img decoding=\"async\" width=\"123\" height=\"121\" src=\"https:\/\/www.camping-verdon-provence.fr\/wp-content\/uploads\/2025\/09\/dessin-1-1.svg\" alt=\"dessin-1 (1)\" class=\"wp-image-337\" style=\"object-fit:cover\"\/><\/figure>\n\n\n\n<p class=\"h1-like\" style=\"font-size:clamp(67.975px, 4.248rem + ((1vw - 3.2px) * 6.506), 148px);line-height:1\">Ontdek<br\/><span>de bezienswaardigheden<\/span><\/p>\n<\/div>\n\n\n\n<div class=\"wp-block-query is-layout-flow wp-block-query-is-layout-flow\"><ul class=\"animated fadeInUp wp-block-post-template is-layout-flow wp-block-post-template-is-layout-flow\"><li class=\"wp-block-post post-2817 page type-page status-publish has-post-thumbnail hentry\">\n\n<figure class=\"wp-block-image\"><img decoding=\"async\" src=\"https:\/\/www.camping-verdon-provence.fr\/wp-content\/uploads\/2025\/10\/Lac-esparron-de-verdon.jpg\" alt=\"\"\/><\/figure>\n\n\n\n<p class=\"has-text-align-center has-base-2-color has-text-color has-link-color wp-elements-0f498a5c765645ddb32e0da42b6e425a\" style=\"font-size:clamp(18.959px, 1.185rem + ((1vw - 3.2px) * 0.898), 30px);text-transform:uppercase\">Esparron-de-Verdon<\/p>\n\n\n<a class=\"is-style-lien-cover wp-block-read-more\" href=\"https:\/\/www.camping-verdon-provence.fr\/nl\/toerisme-esparron-de-verdon\/\" target=\"_self\">Lees verder<span class=\"screen-reader-text\">: Esparron-de-Verdon<\/span><\/a>\n<\/li><li class=\"wp-block-post post-2860 page type-page status-publish has-post-thumbnail hentry\">\n\n<figure class=\"wp-block-image\"><img decoding=\"async\" src=\"https:\/\/www.camping-verdon-provence.fr\/wp-content\/uploads\/2025\/10\/Gorges-dEsparron.jpg\" alt=\"\"\/><\/figure>\n\n\n\n<p class=\"has-text-align-center has-base-2-color has-text-color has-link-color wp-elements-0f498a5c765645ddb32e0da42b6e425a\" style=\"font-size:clamp(18.959px, 1.185rem + ((1vw - 3.2px) * 0.898), 30px);text-transform:uppercase\">Gorges du Verdon<\/p>\n\n\n<a class=\"is-style-lien-cover wp-block-read-more\" href=\"https:\/\/www.camping-verdon-provence.fr\/nl\/toerisme-gorges-du-verdon\/\" target=\"_self\">Lees verder<span class=\"screen-reader-text\">: Gorges du Verdon<\/span><\/a>\n<\/li><li class=\"wp-block-post post-2809 page type-page status-publish has-post-thumbnail hentry\">\n\n<figure class=\"wp-block-image\"><img decoding=\"async\" src=\"https:\/\/www.camping-verdon-provence.fr\/wp-content\/uploads\/2025\/10\/Lavande-de-provence.jpg\" alt=\"\"\/><\/figure>\n\n\n\n<p class=\"has-text-align-center has-base-2-color has-text-color has-link-color wp-elements-0f498a5c765645ddb32e0da42b6e425a\" style=\"font-size:clamp(18.959px, 1.185rem + ((1vw - 3.2px) * 0.898), 30px);text-transform:uppercase\">Provence<\/p>\n\n\n<a class=\"is-style-lien-cover wp-block-read-more\" href=\"https:\/\/www.camping-verdon-provence.fr\/nl\/toerisme-provence\/\" target=\"_self\">Lees verder<span class=\"screen-reader-text\">: Provence<\/span><\/a>\n<\/li><\/ul><\/div>\n<\/section>\n","protected":false},"excerpt":{"rendered":"<p>Kuur in Gr\u00e9oux-les-Bains Ontdek Cures de Gr\u00e9oux-les-Bains Gr\u00e9oux-les-Bains, een charmant stadje met minder dan 3.000 inwoners, ligt op 15 minuten vanEsparron-de-Verdon en op ongeveer 55 kilometer van Aix-en-Provence. Gr\u00e9oux-les-Bains is vooral een groot kuuroord met een zeer goede reputatie. Deze grote reputatie is geworteld in de Romeinse oudheid. Het is erg populair en behandelt reuma [&hellip;]<\/p>\n","protected":false},"author":1,"featured_media":1473,"parent":0,"menu_order":0,"comment_status":"closed","ping_status":"closed","template":"","meta":{"_acf_changed":false,"_seopress_robots_primary_cat":"","_seopress_titles_title":"Kuur in de Provence I Thermale kuur in Gr\u00e9oux-les-Bains","_seopress_titles_desc":"Ontdek het kuuroord van Gr\u00e9oux-les-Bains, ideaal voor de behandeling van reuma. Geniet van een unieke ervaring met onze wellnesspakketten. ","_seopress_robots_index":"","_gt_ctv_global_id":"","_gt_ctv_id_group":false,"inline_featured_image":false,"gt_fse_maillage_image":"https:\/\/www.camping-verdon-provence.fr\/wp-content\/uploads\/2025\/10\/Relaxation-Greoux-les-Bains.jpg","gt_fse_maillage_titre":"Kuren in Gr\u00e9oux-les-Bains","gt_fse_maillage_alt":"Ontspanning Gr\u00e9oux-les-Bains","gt_fse_maillage_resume":"","footnotes":""},"categories":[],"tags":[],"class_list":["post-2820","page","type-page","status-publish","has-post-thumbnail","hentry"],"acf":[],"_links":{"self":[{"href":"https:\/\/www.camping-verdon-provence.fr\/nl\/wp-json\/wp\/v2\/pages\/2820","targetHints":{"allow":["GET"]}}],"collection":[{"href":"https:\/\/www.camping-verdon-provence.fr\/nl\/wp-json\/wp\/v2\/pages"}],"about":[{"href":"https:\/\/www.camping-verdon-provence.fr\/nl\/wp-json\/wp\/v2\/types\/page"}],"author":[{"embeddable":true,"href":"https:\/\/www.camping-verdon-provence.fr\/nl\/wp-json\/wp\/v2\/users\/1"}],"replies":[{"embeddable":true,"href":"https:\/\/www.camping-verdon-provence.fr\/nl\/wp-json\/wp\/v2\/comments?post=2820"}],"version-history":[{"count":11,"href":"https:\/\/www.camping-verdon-provence.fr\/nl\/wp-json\/wp\/v2\/pages\/2820\/revisions"}],"predecessor-version":[{"id":3627,"href":"https:\/\/www.camping-verdon-provence.fr\/nl\/wp-json\/wp\/v2\/pages\/2820\/revisions\/3627"}],"wp:featuredmedia":[{"embeddable":true,"href":"https:\/\/www.camping-verdon-provence.fr\/nl\/wp-json\/wp\/v2\/media\/1473"}],"wp:attachment":[{"href":"https:\/\/www.camping-verdon-provence.fr\/nl\/wp-json\/wp\/v2\/media?parent=2820"}],"wp:term":[{"taxonomy":"category","embeddable":true,"href":"https:\/\/www.camping-verdon-provence.fr\/nl\/wp-json\/wp\/v2\/categories?post=2820"},{"taxonomy":"post_tag","embeddable":true,"href":"https:\/\/www.camping-verdon-provence.fr\/nl\/wp-json\/wp\/v2\/tags?post=2820"}],"curies":[{"name":"wp","href":"https:\/\/api.w.org\/{rel}","templated":true}]}}