{"id":2852,"date":"2025-09-04T16:23:20","date_gmt":"2025-09-04T14:23:20","guid":{"rendered":"https:\/\/www.camping-verdon-provence.fr\/cure-greoux-les-bains\/"},"modified":"2025-11-24T10:13:53","modified_gmt":"2025-11-24T09:13:53","slug":"greoux-les-bains-spa-treatment","status":"publish","type":"page","link":"https:\/\/www.camping-verdon-provence.fr\/en\/greoux-les-bains-spa-treatment\/","title":{"rendered":"Thermal treatments in Gr\u00e9oux-les Bains"},"content":{"rendered":"\n<section class=\"wp-block-group home-third bis has-base-2-background-color has-background has-global-padding is-layout-constrained wp-block-group-is-layout-constrained\">\n<div class=\"wp-block-columns is-layout-flex wp-container-core-columns-is-layout-28f84493 wp-block-columns-is-layout-flex\">\n<div class=\"wp-block-column is-vertically-aligned-center right is-layout-flow wp-block-column-is-layout-flow\" style=\"flex-basis:50%\">\n<h1 class=\"wp-block-heading has-text-align-left full-width has-damirone-font-family has-text-color\" style=\"color:rgba(43,87,124,1);margin-top:0px;margin-right:0px;margin-bottom:0px;margin-left:0px;padding-bottom:var(--wp--preset--spacing--20);font-size:clamp(28.836px, 1.802rem + ((1vw - 3.2px) * 1.721), 50px);font-style:normal;font-weight:400;line-height:1.2;text-transform:uppercase\">Wellness treatments in Gr\u00e9oux-les-Bains<\/h1>\n\n\n\n<h2 class=\"wp-block-heading\" style=\"text-transform:uppercase\">Discover Gr\u00e9oux-les-Bains spa cures<\/h2>\n\n\n\n<p class=\"has-text-align-left has-text-color has-poppins-font-family\" style=\"color:rgba(73,71,71,1);margin-top:0px;margin-right:0px;margin-bottom:0px;margin-left:0px;font-size:clamp(14px, 0.875rem + ((1vw - 3.2px) * 0.325), 18px);font-style:normal;font-weight:300;line-height:1.7\">Gr\u00e9oux-les-Bains, a <strong>charming little town of less than 3,000 inhabitants<\/strong>, is 15 minutes from<a href=\"https:\/\/www.camping-verdon-provence.fr\/en\/tourism-esparron-de-verdon\/\" data-type=\"page\" data-id=\"196\">Esparron-de-Verdon<\/a>, and around 55 kilometers from Aix-en-Provence.<\/p>\n\n\n\n<p><\/p>\n\n\n\n<p class=\"has-text-align-left has-text-color has-poppins-font-family\" style=\"color:rgba(73,71,71,1);margin-top:0px;margin-right:0px;margin-bottom:0px;margin-left:0px;font-size:clamp(14px, 0.875rem + ((1vw - 3.2px) * 0.325), 18px);font-style:normal;font-weight:300;line-height:1.7\">Gr\u00e9oux-les-Bains is above all a <a href=\"https:\/\/www.chainethermale.fr\/greoux-les-bains\" target=\"_blank\" rel=\"noreferrer noopener nofollow\">major spa resort<\/a> with a very good reputation. This great reputation is rooted in Roman antiquity. It is very popular, and treats rheumatism and respiratory problems.<\/p>\n\n\n\n<p>You can take part in <strong>cures in Provence lasting from one to 3 weeks<\/strong>, under the supervision of doctors and health specialists. The water, naturally loaded with sulfur, is pumped from an underground aquifer in <a href=\"https:\/\/www.greoux-les-bains.com\/la-cure-thermale-a-greoux-les-bains\/\" target=\"_blank\" rel=\"noreferrer noopener nofollow\">Gr\u00e9oux-les-Bains<\/a>. Everything is made in Gr\u00e9oux!  <\/p>\n\n\n\n<p class=\"has-text-align-left has-text-color has-poppins-font-family\" style=\"color:rgba(73,71,71,1);margin-top:0px;margin-right:0px;margin-bottom:0px;margin-left:0px;font-size:clamp(14px, 0.875rem + ((1vw - 3.2px) * 0.325), 18px);font-style:normal;font-weight:300;line-height:1.7\">You can also visit for just one afternoon. <g id=\"gid_0\">Reservations are mandatory<\/g>, and cost around \u20ac70 depending on the number of treatments booked. M\u00e9lanie tested it for you, as a dedicated guest (what a sacrifice&#8230;) and she loved the<strong> mud bath!<\/strong> But there are plenty of other treatments to choose from, such as the <strong>hammam<\/strong>, <strong>sulfur pool<\/strong>, <strong>massage <\/strong>under a fine rain&#8230;  <\/p>\n<\/div>\n\n\n\n<div class=\"wp-block-column left is-layout-flow wp-block-column-is-layout-flow\" style=\"flex-basis:50%\">\n<div class=\"wp-block-group is-layout-flow wp-block-group-is-layout-flow\">\n<div class=\"wp-block-group is-layout-flow wp-block-group-is-layout-flow\">\n<figure class=\"wp-block-image size-full is-resized gt-gsap-fadeIn\"><img decoding=\"async\" width=\"942\" height=\"900\" src=\"https:\/\/www.camping-verdon-provence.fr\/wp-content\/uploads\/2025\/10\/Relaxation-Greoux-les-Bains.jpg\" alt=\"Relaxation Gr&#xE9;oux-les-Bains\" class=\"wp-image-1458\" style=\"width:auto;height:900px\" srcset=\"https:\/\/www.camping-verdon-provence.fr\/wp-content\/uploads\/2025\/10\/Relaxation-Greoux-les-Bains.jpg 942w, https:\/\/www.camping-verdon-provence.fr\/wp-content\/uploads\/2025\/10\/Relaxation-Greoux-les-Bains-300x287.jpg 300w, https:\/\/www.camping-verdon-provence.fr\/wp-content\/uploads\/2025\/10\/Relaxation-Greoux-les-Bains-768x734.jpg 768w\" sizes=\"(max-width: 942px) 100vw, 942px\" \/><\/figure>\n\n\n\n<p style=\"font-size:clamp(74.857px, 4.679rem + ((1vw - 3.2px) * 7.573), 168px);\">Thermal baths<\/p>\n<\/div>\n<\/div>\n<\/div>\n<\/div>\n<\/section>\n\n<section class=\"wp-block-group home-fourth page-two has-custom-color-1-background-color has-background has-global-padding is-layout-constrained wp-block-group-is-layout-constrained\">\n<div class=\"wp-block-group has-global-padding is-content-justification-center is-layout-constrained wp-container-core-group-is-layout-519de150 wp-block-group-is-layout-constrained\" style=\"margin-top:0px;margin-right:0px;margin-bottom:0px;margin-left:0px\">\n<h2 class=\"wp-block-heading has-text-align-center full-width has-damirone-font-family has-base-2-color has-text-color\" style=\"margin-top:0px;margin-right:0px;margin-bottom:0px;margin-left:0px;font-size:clamp(24.034px, 1.502rem + ((1vw - 3.2px) * 1.298), 40px);font-style:normal;font-weight:400;line-height:1.2;text-transform:uppercase\">Naturist campsite a stone&#8217;s throw from the thermal baths<\/h2>\n<\/div>\n\n\n\n<div class=\"wp-block-group has-global-padding is-content-justification-center is-layout-constrained wp-container-core-group-is-layout-8f5500b1 wp-block-group-is-layout-constrained\" style=\"margin-top:0px;margin-right:0px;margin-bottom:0px;margin-left:0px;padding-bottom:var(--wp--preset--spacing--30)\">\n<p class=\"has-text-align-left full-width has-base-color has-text-color has-link-color has-poppins-font-family wp-elements-1910a65b2ad034fb9cdfecea4492aedf\" style=\"margin-top:0px;margin-right:0px;margin-bottom:0px;margin-left:0px;font-size:clamp(14px, 0.875rem + ((1vw - 3.2px) * 0.325), 18px);font-style:normal;font-weight:300;line-height:1.7\">The <a href=\"https:\/\/www.camping-verdon-provence.fr\/en\/\" data-type=\"page\" data-id=\"152\">Verdon campsite<\/a> is a 15-minute drive from the Gr\u00e9oux cures, allowing you to combine <strong>nudity <\/strong>and <strong>health <\/strong>during your <a href=\"https:\/\/www.camping-verdon-provence.fr\/en\/tourism-provence\/\" data-type=\"page\" data-id=\"204\">stay in Provence<\/a> <strong>!<\/strong><\/p>\n\n\n\n<p><\/p>\n\n\n\n<p class=\"has-text-align-left full-width has-base-color has-text-color has-link-color has-poppins-font-family wp-elements-c49d78e8fa0c2494f83a7d9f87f92931\" style=\"margin-top:0px;margin-right:0px;margin-bottom:0px;margin-left:0px;font-size:clamp(14px, 0.875rem + ((1vw - 3.2px) * 0.325), 18px);font-style:normal;font-weight:300;line-height:1.7\">You can take advantage of <strong>special packages<\/strong> for your cure in Provence thanks to our special offers: 7=5 nights&#8217; accommodation, i.e. 21=15 paid nights, 6 free (depending on the period).<\/p>\n\n\n\n<p><\/p>\n\n\n\n<p class=\"has-text-align-left full-width has-base-color has-text-color has-link-color has-poppins-font-family wp-elements-9e911154a525d753c69164c048085ed2\" style=\"margin-top:0px;margin-right:0px;margin-bottom:0px;margin-left:0px;font-size:clamp(14px, 0.875rem + ((1vw - 3.2px) * 0.325), 18px);font-style:normal;font-weight:300;line-height:1.7\">You can also come to the Verdon Provence naturist campsite for a pitch. We welcome many customers with <g id=\"gid_0\">motorhomes<\/g>, <g id=\"gid_1\">vans<\/g>, <g id=\"gid_2\">tents <\/g>or <g id=\"gid_3\">caravans<\/g>. The special offer here is one night free per week, i.e. 3 nights free!  <\/p>\n\n\n\n<p class=\"has-base-color has-text-color has-link-color wp-elements-d19ad9da966fd4db69be3b46a9e38ba0\" style=\"margin-top:0px;margin-right:0px;margin-bottom:0px;margin-left:0px;font-size:clamp(14px, 0.875rem + ((1vw - 3.2px) * 0.325), 18px);font-style:normal;font-weight:300;line-height:1.7\">For a direct quote, visit our contact page or request a quote by e-mail.<\/p>\n\n\n\n<p class=\"has-base-color has-text-color has-link-color wp-elements-1229b41ac86b9eff3739a5e653aa24a1\" style=\"margin-top:0px;margin-right:0px;margin-bottom:0px;margin-left:0px;font-size:clamp(14px, 0.875rem + ((1vw - 3.2px) * 0.325), 18px);font-style:normal;font-weight:300;line-height:1.7\">At the campsite, you&#8217;ll find everything you need to enjoy the exceptional natural setting of the <a href=\"https:\/\/www.camping-verdon-provence.fr\/en\/tourism-verdon-gorges\/\" data-type=\"page\" data-id=\"208\">Gorges du Verdon<\/a>. You&#8217;ll find all our services here, including <strong>our own wellness area<\/strong> and <strong>restaurant<\/strong>&#8230;<\/p>\n\n\n\n<p><\/p>\n\n\n\n<p class=\"has-base-color has-text-color has-link-color wp-elements-70929086824ad9862cac25163a6f9a0c\" style=\"margin-top:0px;margin-right:0px;margin-bottom:0px;margin-left:0px;font-size:clamp(14px, 0.875rem + ((1vw - 3.2px) * 0.325), 18px);font-style:normal;font-weight:300;line-height:1.7\">So go ahead, stay at a naturist campsite near the cures at Gr\u00e9oux-les-Bains!<\/p>\n<\/div>\n\n\n\n<div data-swiper=\"{&quot;speed&quot;:1000,&quot;autoplay&quot;:{&quot;delay&quot;:5000,&quot;disableOnInteraction&quot;:false},&quot;spaceBetween&quot;:0,&quot;slidesPerView&quot;:1,&quot;pagination&quot;:{&quot;el&quot;:&quot;.swiper-pagination&quot;,&quot;dynamicBullets&quot;:true,&quot;clickable&quot;:true,&quot;type&quot;:&quot;bullets&quot;},&quot;navigation&quot;:{&quot;nextEl&quot;:&quot;.swiper-button-next&quot;,&quot;prevEl&quot;:&quot;.swiper-button-prev&quot;},&quot;breakpoints&quot;:[{&quot;slidesPerView&quot;:1}]}\" class=\"wp-block-cover alignfull blob-image gt-gsap-fadeInUp\" style=\"min-height:80vh;aspect-ratio:unset;\"><img decoding=\"async\" width=\"2000\" height=\"1250\" class=\"wp-block-cover__image-background wp-image-1463 size-full\" alt=\"Aquabike les Eaux thermales\" src=\"https:\/\/www.camping-verdon-provence.fr\/wp-content\/uploads\/2025\/10\/Aquabike-les-Eaux-thermales.jpg\" data-object-fit=\"cover\" srcset=\"https:\/\/www.camping-verdon-provence.fr\/wp-content\/uploads\/2025\/10\/Aquabike-les-Eaux-thermales.jpg 2000w, https:\/\/www.camping-verdon-provence.fr\/wp-content\/uploads\/2025\/10\/Aquabike-les-Eaux-thermales-300x188.jpg 300w, https:\/\/www.camping-verdon-provence.fr\/wp-content\/uploads\/2025\/10\/Aquabike-les-Eaux-thermales-1024x640.jpg 1024w, https:\/\/www.camping-verdon-provence.fr\/wp-content\/uploads\/2025\/10\/Aquabike-les-Eaux-thermales-768x480.jpg 768w, https:\/\/www.camping-verdon-provence.fr\/wp-content\/uploads\/2025\/10\/Aquabike-les-Eaux-thermales-1536x960.jpg 1536w\" sizes=\"(max-width: 2000px) 100vw, 2000px\" \/><span aria-hidden=\"true\" class=\"wp-block-cover__background has-background-dim wp-block-cover__gradient-background has-background-gradient\" style=\"background:linear-gradient(0deg,rgb(1,1,1) 0%,rgba(0,0,0,0.34) 72%)\"><\/span><div class=\"wp-block-cover__inner-container is-layout-flow wp-block-cover-is-layout-flow\">\n<p class=\"has-text-align-center h1-like\" style=\"font-size:clamp(67.975px, 4.248rem + ((1vw - 3.2px) * 6.506), 148px);line-height:1\">Thermal <br\/><span>spa<\/span><\/p>\n<\/div><\/div>\n<\/section>\n\n<section class=\"wp-block-group page-maillage has-global-padding is-layout-constrained wp-block-group-is-layout-constrained\">\n<div class=\"wp-block-group is-vertical is-layout-flex wp-container-core-group-is-layout-fe9cc265 wp-block-group-is-layout-flex\">\n<figure class=\"wp-block-image size-large\" style=\"margin-top:0px;margin-right:0px;margin-bottom:0px;margin-left:0px\"><img decoding=\"async\" width=\"123\" height=\"121\" src=\"https:\/\/www.camping-verdon-provence.fr\/wp-content\/uploads\/2025\/09\/dessin-1-1.svg\" alt=\"dessin-1 (1)\" class=\"wp-image-337\" style=\"object-fit:cover\"\/><\/figure>\n\n\n\n<p class=\"h1-like\" style=\"font-size:clamp(67.975px, 4.248rem + ((1vw - 3.2px) * 6.506), 148px);line-height:1\">Discover <br\/><span>the places to visit<\/span><\/p>\n<\/div>\n\n\n\n<div class=\"wp-block-query is-layout-flow wp-block-query-is-layout-flow\"><ul class=\"animated fadeInUp wp-block-post-template is-layout-flow wp-block-post-template-is-layout-flow\"><li class=\"wp-block-post post-2802 page type-page status-publish has-post-thumbnail hentry\">\n\n<figure class=\"wp-block-image\"><img decoding=\"async\" src=\"https:\/\/www.camping-verdon-provence.fr\/wp-content\/uploads\/2025\/10\/Lac-esparron-de-verdon.jpg\" alt=\"\"\/><\/figure>\n\n\n\n<p class=\"has-text-align-center has-base-2-color has-text-color has-link-color wp-elements-0f498a5c765645ddb32e0da42b6e425a\" style=\"font-size:clamp(18.959px, 1.185rem + ((1vw - 3.2px) * 0.898), 30px);text-transform:uppercase\">Esparron-de-Verdon<\/p>\n\n\n<a class=\"is-style-lien-cover wp-block-read-more\" href=\"https:\/\/www.camping-verdon-provence.fr\/en\/tourism-esparron-de-verdon\/\" target=\"_self\">Read more<span class=\"screen-reader-text\">: Esparron-de-Verdon<\/span><\/a>\n<\/li><li class=\"wp-block-post post-2856 page type-page status-publish has-post-thumbnail hentry\">\n\n<figure class=\"wp-block-image\"><img decoding=\"async\" src=\"https:\/\/www.camping-verdon-provence.fr\/wp-content\/uploads\/2025\/10\/Gorges-dEsparron.jpg\" alt=\"\"\/><\/figure>\n\n\n\n<p class=\"has-text-align-center has-base-2-color has-text-color has-link-color wp-elements-0f498a5c765645ddb32e0da42b6e425a\" style=\"font-size:clamp(18.959px, 1.185rem + ((1vw - 3.2px) * 0.898), 30px);text-transform:uppercase\">Gorges du Verdon<\/p>\n\n\n<a class=\"is-style-lien-cover wp-block-read-more\" href=\"https:\/\/www.camping-verdon-provence.fr\/en\/tourism-verdon-gorges\/\" target=\"_self\">Read more<span class=\"screen-reader-text\">: Gorges du Verdon<\/span><\/a>\n<\/li><li class=\"wp-block-post post-2804 page type-page status-publish has-post-thumbnail hentry\">\n\n<figure class=\"wp-block-image\"><img decoding=\"async\" src=\"https:\/\/www.camping-verdon-provence.fr\/wp-content\/uploads\/2025\/10\/Lavande-de-provence.jpg\" alt=\"\"\/><\/figure>\n\n\n\n<p class=\"has-text-align-center has-base-2-color has-text-color has-link-color wp-elements-0f498a5c765645ddb32e0da42b6e425a\" style=\"font-size:clamp(18.959px, 1.185rem + ((1vw - 3.2px) * 0.898), 30px);text-transform:uppercase\">Provence<\/p>\n\n\n<a class=\"is-style-lien-cover wp-block-read-more\" href=\"https:\/\/www.camping-verdon-provence.fr\/en\/tourism-provence\/\" target=\"_self\">Read more<span class=\"screen-reader-text\">: Provence<\/span><\/a>\n<\/li><\/ul><\/div>\n<\/section>\n","protected":false},"excerpt":{"rendered":"<p>Wellness treatments in Gr\u00e9oux-les-Bains Discover Gr\u00e9oux-les-Bains spa cures Gr\u00e9oux-les-Bains, a charming little town of less than 3,000 inhabitants, is 15 minutes fromEsparron-de-Verdon, and around 55 kilometers from Aix-en-Provence. Gr\u00e9oux-les-Bains is above all a major spa resort with a very good reputation. This great reputation is rooted in Roman antiquity. It is very popular, and treats [&hellip;]<\/p>\n","protected":false},"author":1,"featured_media":1474,"parent":0,"menu_order":0,"comment_status":"closed","ping_status":"closed","template":"","meta":{"_acf_changed":false,"_seopress_robots_primary_cat":"","_seopress_titles_title":"Spa in Provence I Gr\u00e9oux-les-Bains spa treatment","_seopress_titles_desc":"Discover the Gr\u00e9oux-les-Bains spa, ideal for treating rheumatism. Enjoy a unique experience with our wellness packages. ","_seopress_robots_index":"","_gt_ctv_global_id":"","_gt_ctv_id_group":false,"inline_featured_image":false,"gt_fse_maillage_image":"https:\/\/www.camping-verdon-provence.fr\/wp-content\/uploads\/2025\/10\/Relaxation-Greoux-les-Bains.jpg","gt_fse_maillage_titre":"Gr\u00e9oux-les-Bains Spa","gt_fse_maillage_alt":"Relaxation Gr\u00e9oux-les-Bains","gt_fse_maillage_resume":"","footnotes":""},"categories":[],"tags":[],"class_list":["post-2852","page","type-page","status-publish","has-post-thumbnail","hentry"],"acf":[],"_links":{"self":[{"href":"https:\/\/www.camping-verdon-provence.fr\/en\/wp-json\/wp\/v2\/pages\/2852","targetHints":{"allow":["GET"]}}],"collection":[{"href":"https:\/\/www.camping-verdon-provence.fr\/en\/wp-json\/wp\/v2\/pages"}],"about":[{"href":"https:\/\/www.camping-verdon-provence.fr\/en\/wp-json\/wp\/v2\/types\/page"}],"author":[{"embeddable":true,"href":"https:\/\/www.camping-verdon-provence.fr\/en\/wp-json\/wp\/v2\/users\/1"}],"replies":[{"embeddable":true,"href":"https:\/\/www.camping-verdon-provence.fr\/en\/wp-json\/wp\/v2\/comments?post=2852"}],"version-history":[{"count":15,"href":"https:\/\/www.camping-verdon-provence.fr\/en\/wp-json\/wp\/v2\/pages\/2852\/revisions"}],"predecessor-version":[{"id":3473,"href":"https:\/\/www.camping-verdon-provence.fr\/en\/wp-json\/wp\/v2\/pages\/2852\/revisions\/3473"}],"wp:featuredmedia":[{"embeddable":true,"href":"https:\/\/www.camping-verdon-provence.fr\/en\/wp-json\/wp\/v2\/media\/1474"}],"wp:attachment":[{"href":"https:\/\/www.camping-verdon-provence.fr\/en\/wp-json\/wp\/v2\/media?parent=2852"}],"wp:term":[{"taxonomy":"category","embeddable":true,"href":"https:\/\/www.camping-verdon-provence.fr\/en\/wp-json\/wp\/v2\/categories?post=2852"},{"taxonomy":"post_tag","embeddable":true,"href":"https:\/\/www.camping-verdon-provence.fr\/en\/wp-json\/wp\/v2\/tags?post=2852"}],"curies":[{"name":"wp","href":"https:\/\/api.w.org\/{rel}","templated":true}]}}